{"id":83,"date":"2019-04-04T12:26:23","date_gmt":"2019-04-04T10:26:23","guid":{"rendered":"http:\/\/woerndle.test\/?page_id=83"},"modified":"2019-06-19T18:46:26","modified_gmt":"2019-06-19T16:46:26","slug":"cookies","status":"publish","type":"page","link":"https:\/\/www.baeckerei-woerndle.com\/it\/cookies\/","title":{"rendered":"Cookies"},"content":{"rendered":"","protected":false},"excerpt":{"rendered":"","protected":false},"author":1,"featured_media":0,"parent":0,"menu_order":9,"comment_status":"closed","ping_status":"closed","template":"impressum.php","meta":[],"yoast_head":"<!-- This site is optimized with the Yoast SEO plugin v19.4 - https:\/\/yoast.com\/wordpress\/plugins\/seo\/ -->\n<title>Cookies - Panificio W\u00f6rndle<\/title>\n<meta name=\"robots\" content=\"index, follow, max-snippet:-1, max-image-preview:large, max-video-preview:-1\" \/>\n<link rel=\"canonical\" href=\"https:\/\/www.baeckerei-woerndle.com\/it\/cookies\/\" \/>\n<meta property=\"og:locale\" content=\"it_IT\" \/>\n<meta property=\"og:type\" content=\"article\" \/>\n<meta property=\"og:title\" content=\"Cookies - Panificio W\u00f6rndle\" \/>\n<meta property=\"og:url\" content=\"https:\/\/www.baeckerei-woerndle.com\/it\/cookies\/\" \/>\n<meta property=\"og:site_name\" content=\"B\u00e4ckerei W\u00f6rndle\" \/>\n<meta property=\"article:publisher\" content=\"https:\/\/www.facebook.com\/100brotzentguat\/\" \/>\n<meta property=\"article:modified_time\" content=\"2019-06-19T16:46:26+00:00\" \/>\n<meta property=\"og:image\" content=\"https:\/\/www.baeckerei-woerndle.com\/wp-content\/uploads\/2019\/05\/100BrotzentGuat_BaeckereiWoerndle.jpg\" \/>\n\t<meta property=\"og:image:width\" content=\"2400\" \/>\n\t<meta property=\"og:image:height\" content=\"1600\" \/>\n\t<meta property=\"og:image:type\" content=\"image\/jpeg\" \/>\n<meta name=\"twitter:card\" content=\"summary_large_image\" \/>\n<script type=\"application\/ld+json\" class=\"yoast-schema-graph\">{\"@context\":\"https:\/\/schema.org\",\"@graph\":[{\"@type\":\"WebSite\",\"@id\":\"https:\/\/www.baeckerei-woerndle.com\/de\/#website\",\"url\":\"https:\/\/www.baeckerei-woerndle.com\/de\/\",\"name\":\"B\u00e4ckerei W\u00f6rndle\",\"description\":\"B\u00e4ckerei W\u00f6rndle in Kaltern: #100BrotzentGuat\",\"potentialAction\":[{\"@type\":\"SearchAction\",\"target\":{\"@type\":\"EntryPoint\",\"urlTemplate\":\"https:\/\/www.baeckerei-woerndle.com\/de\/?s={search_term_string}\"},\"query-input\":\"required name=search_term_string\"}],\"inLanguage\":\"it-IT\"},{\"@type\":\"WebPage\",\"@id\":\"https:\/\/www.baeckerei-woerndle.com\/it\/cookies\/\",\"url\":\"https:\/\/www.baeckerei-woerndle.com\/it\/cookies\/\",\"name\":\"Cookies - Panificio W\u00f6rndle\",\"isPartOf\":{\"@id\":\"https:\/\/www.baeckerei-woerndle.com\/de\/#website\"},\"datePublished\":\"2019-04-04T10:26:23+00:00\",\"dateModified\":\"2019-06-19T16:46:26+00:00\",\"breadcrumb\":{\"@id\":\"https:\/\/www.baeckerei-woerndle.com\/it\/cookies\/#breadcrumb\"},\"inLanguage\":\"it-IT\",\"potentialAction\":[{\"@type\":\"ReadAction\",\"target\":[\"https:\/\/www.baeckerei-woerndle.com\/it\/cookies\/\"]}]},{\"@type\":\"BreadcrumbList\",\"@id\":\"https:\/\/www.baeckerei-woerndle.com\/it\/cookies\/#breadcrumb\",\"itemListElement\":[{\"@type\":\"ListItem\",\"position\":1,\"name\":\"Home\",\"item\":\"https:\/\/www.baeckerei-woerndle.com\/it\/\"},{\"@type\":\"ListItem\",\"position\":2,\"name\":\"Cookies\"}]}]}<\/script>\n<!-- \/ Yoast SEO plugin. -->","yoast_head_json":{"title":"Cookies - Panificio W\u00f6rndle","robots":{"index":"index","follow":"follow","max-snippet":"max-snippet:-1","max-image-preview":"max-image-preview:large","max-video-preview":"max-video-preview:-1"},"canonical":"https:\/\/www.baeckerei-woerndle.com\/it\/cookies\/","og_locale":"it_IT","og_type":"article","og_title":"Cookies - Panificio W\u00f6rndle","og_url":"https:\/\/www.baeckerei-woerndle.com\/it\/cookies\/","og_site_name":"B\u00e4ckerei W\u00f6rndle","article_publisher":"https:\/\/www.facebook.com\/100brotzentguat\/","article_modified_time":"2019-06-19T16:46:26+00:00","og_image":[{"width":2400,"height":1600,"url":"https:\/\/www.baeckerei-woerndle.com\/wp-content\/uploads\/2019\/05\/100BrotzentGuat_BaeckereiWoerndle.jpg","type":"image\/jpeg"}],"twitter_card":"summary_large_image","schema":{"@context":"https:\/\/schema.org","@graph":[{"@type":"WebSite","@id":"https:\/\/www.baeckerei-woerndle.com\/de\/#website","url":"https:\/\/www.baeckerei-woerndle.com\/de\/","name":"B\u00e4ckerei W\u00f6rndle","description":"B\u00e4ckerei W\u00f6rndle in Kaltern: #100BrotzentGuat","potentialAction":[{"@type":"SearchAction","target":{"@type":"EntryPoint","urlTemplate":"https:\/\/www.baeckerei-woerndle.com\/de\/?s={search_term_string}"},"query-input":"required name=search_term_string"}],"inLanguage":"it-IT"},{"@type":"WebPage","@id":"https:\/\/www.baeckerei-woerndle.com\/it\/cookies\/","url":"https:\/\/www.baeckerei-woerndle.com\/it\/cookies\/","name":"Cookies - Panificio W\u00f6rndle","isPartOf":{"@id":"https:\/\/www.baeckerei-woerndle.com\/de\/#website"},"datePublished":"2019-04-04T10:26:23+00:00","dateModified":"2019-06-19T16:46:26+00:00","breadcrumb":{"@id":"https:\/\/www.baeckerei-woerndle.com\/it\/cookies\/#breadcrumb"},"inLanguage":"it-IT","potentialAction":[{"@type":"ReadAction","target":["https:\/\/www.baeckerei-woerndle.com\/it\/cookies\/"]}]},{"@type":"BreadcrumbList","@id":"https:\/\/www.baeckerei-woerndle.com\/it\/cookies\/#breadcrumb","itemListElement":[{"@type":"ListItem","position":1,"name":"Home","item":"https:\/\/www.baeckerei-woerndle.com\/it\/"},{"@type":"ListItem","position":2,"name":"Cookies"}]}]}},"_links":{"self":[{"href":"https:\/\/www.baeckerei-woerndle.com\/it\/wp-json\/wp\/v2\/pages\/83"}],"collection":[{"href":"https:\/\/www.baeckerei-woerndle.com\/it\/wp-json\/wp\/v2\/pages"}],"about":[{"href":"https:\/\/www.baeckerei-woerndle.com\/it\/wp-json\/wp\/v2\/types\/page"}],"author":[{"embeddable":true,"href":"https:\/\/www.baeckerei-woerndle.com\/it\/wp-json\/wp\/v2\/users\/1"}],"replies":[{"embeddable":true,"href":"https:\/\/www.baeckerei-woerndle.com\/it\/wp-json\/wp\/v2\/comments?post=83"}],"version-history":[{"count":3,"href":"https:\/\/www.baeckerei-woerndle.com\/it\/wp-json\/wp\/v2\/pages\/83\/revisions"}],"predecessor-version":[{"id":575,"href":"https:\/\/www.baeckerei-woerndle.com\/it\/wp-json\/wp\/v2\/pages\/83\/revisions\/575"}],"wp:attachment":[{"href":"https:\/\/www.baeckerei-woerndle.com\/it\/wp-json\/wp\/v2\/media?parent=83"}],"curies":[{"name":"wp","href":"https:\/\/api.w.org\/{rel}","templated":true}]}}