{"id":8,"date":"2019-04-04T09:10:19","date_gmt":"2019-04-04T07:10:19","guid":{"rendered":"http:\/\/woerndle.test\/sortiment\/"},"modified":"2025-11-18T14:52:22","modified_gmt":"2025-11-18T13:52:22","slug":"sortiment","status":"publish","type":"page","link":"https:\/\/www.baeckerei-woerndle.com\/de\/sortiment\/","title":{"rendered":"Sortiment"},"content":{"rendered":"","protected":false},"excerpt":{"rendered":"","protected":false},"author":1,"featured_media":0,"parent":0,"menu_order":1,"comment_status":"closed","ping_status":"closed","template":"sortiment.php","meta":[],"yoast_head":"<!-- This site is optimized with the Yoast SEO plugin v19.4 - https:\/\/yoast.com\/wordpress\/plugins\/seo\/ -->\n<title>Sortiment: Die Produkte der B\u00e4ckerei W\u00f6rndle in Kaltern<\/title>\n<meta name=\"description\" content=\"Hier gibt\u2019s einen \u00dcberblick \u00fcber alle Brot-ukte der B\u00e4ckerei W\u00f6rndle: das ist Qualit\u00e4t zum Reinbei\u00dfen.\" \/>\n<meta name=\"robots\" content=\"index, follow, max-snippet:-1, max-image-preview:large, max-video-preview:-1\" \/>\n<link rel=\"canonical\" href=\"https:\/\/www.baeckerei-woerndle.com\/de\/sortiment\/\" \/>\n<meta property=\"og:locale\" content=\"de_DE\" \/>\n<meta property=\"og:type\" content=\"article\" \/>\n<meta property=\"og:title\" content=\"Sortiment: Die Produkte der B\u00e4ckerei W\u00f6rndle in Kaltern\" \/>\n<meta property=\"og:description\" content=\"Hier gibt\u2019s einen \u00dcberblick \u00fcber alle Brot-ukte der B\u00e4ckerei W\u00f6rndle: das ist Qualit\u00e4t zum Reinbei\u00dfen.\" \/>\n<meta property=\"og:url\" content=\"https:\/\/www.baeckerei-woerndle.com\/de\/sortiment\/\" \/>\n<meta property=\"og:site_name\" content=\"B\u00e4ckerei W\u00f6rndle\" \/>\n<meta property=\"article:publisher\" content=\"https:\/\/www.facebook.com\/100brotzentguat\/\" \/>\n<meta property=\"article:modified_time\" content=\"2025-11-18T13:52:22+00:00\" \/>\n<meta property=\"og:image\" content=\"https:\/\/www.baeckerei-woerndle.com\/wp-content\/uploads\/2019\/05\/100BrotzentGuat_BaeckereiWoerndle.jpg\" \/>\n\t<meta property=\"og:image:width\" content=\"2400\" \/>\n\t<meta property=\"og:image:height\" content=\"1600\" \/>\n\t<meta property=\"og:image:type\" content=\"image\/jpeg\" \/>\n<meta name=\"twitter:card\" content=\"summary_large_image\" \/>\n<script type=\"application\/ld+json\" class=\"yoast-schema-graph\">{\"@context\":\"https:\/\/schema.org\",\"@graph\":[{\"@type\":\"WebSite\",\"@id\":\"https:\/\/www.baeckerei-woerndle.com\/de\/#website\",\"url\":\"https:\/\/www.baeckerei-woerndle.com\/de\/\",\"name\":\"B\u00e4ckerei W\u00f6rndle\",\"description\":\"B\u00e4ckerei W\u00f6rndle in Kaltern: #100BrotzentGuat\",\"potentialAction\":[{\"@type\":\"SearchAction\",\"target\":{\"@type\":\"EntryPoint\",\"urlTemplate\":\"https:\/\/www.baeckerei-woerndle.com\/de\/?s={search_term_string}\"},\"query-input\":\"required name=search_term_string\"}],\"inLanguage\":\"de\"},{\"@type\":\"WebPage\",\"@id\":\"https:\/\/www.baeckerei-woerndle.com\/de\/sortiment\/\",\"url\":\"https:\/\/www.baeckerei-woerndle.com\/de\/sortiment\/\",\"name\":\"Sortiment: Die Produkte der B\u00e4ckerei W\u00f6rndle in Kaltern\",\"isPartOf\":{\"@id\":\"https:\/\/www.baeckerei-woerndle.com\/de\/#website\"},\"datePublished\":\"2019-04-04T07:10:19+00:00\",\"dateModified\":\"2025-11-18T13:52:22+00:00\",\"description\":\"Hier gibt\u2019s einen \u00dcberblick \u00fcber alle Brot-ukte der B\u00e4ckerei W\u00f6rndle: das ist Qualit\u00e4t zum Reinbei\u00dfen.\",\"breadcrumb\":{\"@id\":\"https:\/\/www.baeckerei-woerndle.com\/de\/sortiment\/#breadcrumb\"},\"inLanguage\":\"de\",\"potentialAction\":[{\"@type\":\"ReadAction\",\"target\":[\"https:\/\/www.baeckerei-woerndle.com\/de\/sortiment\/\"]}]},{\"@type\":\"BreadcrumbList\",\"@id\":\"https:\/\/www.baeckerei-woerndle.com\/de\/sortiment\/#breadcrumb\",\"itemListElement\":[{\"@type\":\"ListItem\",\"position\":1,\"name\":\"Home\",\"item\":\"https:\/\/www.baeckerei-woerndle.com\/de\/\"},{\"@type\":\"ListItem\",\"position\":2,\"name\":\"Sortiment\"}]}]}<\/script>\n<!-- \/ Yoast SEO plugin. -->","yoast_head_json":{"title":"Sortiment: Die Produkte der B\u00e4ckerei W\u00f6rndle in Kaltern","description":"Hier gibt\u2019s einen \u00dcberblick \u00fcber alle Brot-ukte der B\u00e4ckerei W\u00f6rndle: das ist Qualit\u00e4t zum Reinbei\u00dfen.","robots":{"index":"index","follow":"follow","max-snippet":"max-snippet:-1","max-image-preview":"max-image-preview:large","max-video-preview":"max-video-preview:-1"},"canonical":"https:\/\/www.baeckerei-woerndle.com\/de\/sortiment\/","og_locale":"de_DE","og_type":"article","og_title":"Sortiment: Die Produkte der B\u00e4ckerei W\u00f6rndle in Kaltern","og_description":"Hier gibt\u2019s einen \u00dcberblick \u00fcber alle Brot-ukte der B\u00e4ckerei W\u00f6rndle: das ist Qualit\u00e4t zum Reinbei\u00dfen.","og_url":"https:\/\/www.baeckerei-woerndle.com\/de\/sortiment\/","og_site_name":"B\u00e4ckerei W\u00f6rndle","article_publisher":"https:\/\/www.facebook.com\/100brotzentguat\/","article_modified_time":"2025-11-18T13:52:22+00:00","og_image":[{"width":2400,"height":1600,"url":"https:\/\/www.baeckerei-woerndle.com\/wp-content\/uploads\/2019\/05\/100BrotzentGuat_BaeckereiWoerndle.jpg","type":"image\/jpeg"}],"twitter_card":"summary_large_image","schema":{"@context":"https:\/\/schema.org","@graph":[{"@type":"WebSite","@id":"https:\/\/www.baeckerei-woerndle.com\/de\/#website","url":"https:\/\/www.baeckerei-woerndle.com\/de\/","name":"B\u00e4ckerei W\u00f6rndle","description":"B\u00e4ckerei W\u00f6rndle in Kaltern: #100BrotzentGuat","potentialAction":[{"@type":"SearchAction","target":{"@type":"EntryPoint","urlTemplate":"https:\/\/www.baeckerei-woerndle.com\/de\/?s={search_term_string}"},"query-input":"required name=search_term_string"}],"inLanguage":"de"},{"@type":"WebPage","@id":"https:\/\/www.baeckerei-woerndle.com\/de\/sortiment\/","url":"https:\/\/www.baeckerei-woerndle.com\/de\/sortiment\/","name":"Sortiment: Die Produkte der B\u00e4ckerei W\u00f6rndle in Kaltern","isPartOf":{"@id":"https:\/\/www.baeckerei-woerndle.com\/de\/#website"},"datePublished":"2019-04-04T07:10:19+00:00","dateModified":"2025-11-18T13:52:22+00:00","description":"Hier gibt\u2019s einen \u00dcberblick \u00fcber alle Brot-ukte der B\u00e4ckerei W\u00f6rndle: das ist Qualit\u00e4t zum Reinbei\u00dfen.","breadcrumb":{"@id":"https:\/\/www.baeckerei-woerndle.com\/de\/sortiment\/#breadcrumb"},"inLanguage":"de","potentialAction":[{"@type":"ReadAction","target":["https:\/\/www.baeckerei-woerndle.com\/de\/sortiment\/"]}]},{"@type":"BreadcrumbList","@id":"https:\/\/www.baeckerei-woerndle.com\/de\/sortiment\/#breadcrumb","itemListElement":[{"@type":"ListItem","position":1,"name":"Home","item":"https:\/\/www.baeckerei-woerndle.com\/de\/"},{"@type":"ListItem","position":2,"name":"Sortiment"}]}]}},"_links":{"self":[{"href":"https:\/\/www.baeckerei-woerndle.com\/de\/wp-json\/wp\/v2\/pages\/8"}],"collection":[{"href":"https:\/\/www.baeckerei-woerndle.com\/de\/wp-json\/wp\/v2\/pages"}],"about":[{"href":"https:\/\/www.baeckerei-woerndle.com\/de\/wp-json\/wp\/v2\/types\/page"}],"author":[{"embeddable":true,"href":"https:\/\/www.baeckerei-woerndle.com\/de\/wp-json\/wp\/v2\/users\/1"}],"replies":[{"embeddable":true,"href":"https:\/\/www.baeckerei-woerndle.com\/de\/wp-json\/wp\/v2\/comments?post=8"}],"version-history":[{"count":10,"href":"https:\/\/www.baeckerei-woerndle.com\/de\/wp-json\/wp\/v2\/pages\/8\/revisions"}],"predecessor-version":[{"id":1327,"href":"https:\/\/www.baeckerei-woerndle.com\/de\/wp-json\/wp\/v2\/pages\/8\/revisions\/1327"}],"wp:attachment":[{"href":"https:\/\/www.baeckerei-woerndle.com\/de\/wp-json\/wp\/v2\/media?parent=8"}],"curies":[{"name":"wp","href":"https:\/\/api.w.org\/{rel}","templated":true}]}}