{"id":14,"date":"2019-04-04T09:10:21","date_gmt":"2019-04-04T07:10:21","guid":{"rendered":"http:\/\/woerndle.test\/impressum\/"},"modified":"2025-11-18T15:31:20","modified_gmt":"2025-11-18T14:31:20","slug":"impressum","status":"publish","type":"page","link":"https:\/\/www.baeckerei-woerndle.com\/de\/impressum\/","title":{"rendered":"Impressum"},"content":{"rendered":"","protected":false},"excerpt":{"rendered":"","protected":false},"author":1,"featured_media":0,"parent":0,"menu_order":7,"comment_status":"closed","ping_status":"closed","template":"impressum.php","meta":[],"yoast_head":"<!-- This site is optimized with the Yoast SEO plugin v19.4 - https:\/\/yoast.com\/wordpress\/plugins\/seo\/ -->\n<title>Impressum - B\u00e4ckerei W\u00f6rndle<\/title>\n<meta name=\"robots\" content=\"index, follow, max-snippet:-1, max-image-preview:large, max-video-preview:-1\" \/>\n<link rel=\"canonical\" href=\"https:\/\/www.baeckerei-woerndle.com\/de\/impressum\/\" \/>\n<meta property=\"og:locale\" content=\"de_DE\" \/>\n<meta property=\"og:type\" content=\"article\" \/>\n<meta property=\"og:title\" content=\"Impressum - B\u00e4ckerei W\u00f6rndle\" \/>\n<meta property=\"og:url\" content=\"https:\/\/www.baeckerei-woerndle.com\/de\/impressum\/\" \/>\n<meta property=\"og:site_name\" content=\"B\u00e4ckerei W\u00f6rndle\" \/>\n<meta property=\"article:publisher\" content=\"https:\/\/www.facebook.com\/100brotzentguat\/\" \/>\n<meta property=\"article:modified_time\" content=\"2025-11-18T14:31:20+00:00\" \/>\n<meta property=\"og:image\" content=\"https:\/\/www.baeckerei-woerndle.com\/wp-content\/uploads\/2019\/05\/100BrotzentGuat_BaeckereiWoerndle.jpg\" \/>\n\t<meta property=\"og:image:width\" content=\"2400\" \/>\n\t<meta property=\"og:image:height\" content=\"1600\" \/>\n\t<meta property=\"og:image:type\" content=\"image\/jpeg\" \/>\n<meta name=\"twitter:card\" content=\"summary_large_image\" \/>\n<script type=\"application\/ld+json\" class=\"yoast-schema-graph\">{\"@context\":\"https:\/\/schema.org\",\"@graph\":[{\"@type\":\"WebSite\",\"@id\":\"https:\/\/www.baeckerei-woerndle.com\/de\/#website\",\"url\":\"https:\/\/www.baeckerei-woerndle.com\/de\/\",\"name\":\"B\u00e4ckerei W\u00f6rndle\",\"description\":\"B\u00e4ckerei W\u00f6rndle in Kaltern: #100BrotzentGuat\",\"potentialAction\":[{\"@type\":\"SearchAction\",\"target\":{\"@type\":\"EntryPoint\",\"urlTemplate\":\"https:\/\/www.baeckerei-woerndle.com\/de\/?s={search_term_string}\"},\"query-input\":\"required name=search_term_string\"}],\"inLanguage\":\"de\"},{\"@type\":\"WebPage\",\"@id\":\"https:\/\/www.baeckerei-woerndle.com\/de\/impressum\/\",\"url\":\"https:\/\/www.baeckerei-woerndle.com\/de\/impressum\/\",\"name\":\"Impressum - B\u00e4ckerei W\u00f6rndle\",\"isPartOf\":{\"@id\":\"https:\/\/www.baeckerei-woerndle.com\/de\/#website\"},\"datePublished\":\"2019-04-04T07:10:21+00:00\",\"dateModified\":\"2025-11-18T14:31:20+00:00\",\"breadcrumb\":{\"@id\":\"https:\/\/www.baeckerei-woerndle.com\/de\/impressum\/#breadcrumb\"},\"inLanguage\":\"de\",\"potentialAction\":[{\"@type\":\"ReadAction\",\"target\":[\"https:\/\/www.baeckerei-woerndle.com\/de\/impressum\/\"]}]},{\"@type\":\"BreadcrumbList\",\"@id\":\"https:\/\/www.baeckerei-woerndle.com\/de\/impressum\/#breadcrumb\",\"itemListElement\":[{\"@type\":\"ListItem\",\"position\":1,\"name\":\"Home\",\"item\":\"https:\/\/www.baeckerei-woerndle.com\/de\/\"},{\"@type\":\"ListItem\",\"position\":2,\"name\":\"Impressum\"}]}]}<\/script>\n<!-- \/ Yoast SEO plugin. -->","yoast_head_json":{"title":"Impressum - B\u00e4ckerei W\u00f6rndle","robots":{"index":"index","follow":"follow","max-snippet":"max-snippet:-1","max-image-preview":"max-image-preview:large","max-video-preview":"max-video-preview:-1"},"canonical":"https:\/\/www.baeckerei-woerndle.com\/de\/impressum\/","og_locale":"de_DE","og_type":"article","og_title":"Impressum - B\u00e4ckerei W\u00f6rndle","og_url":"https:\/\/www.baeckerei-woerndle.com\/de\/impressum\/","og_site_name":"B\u00e4ckerei W\u00f6rndle","article_publisher":"https:\/\/www.facebook.com\/100brotzentguat\/","article_modified_time":"2025-11-18T14:31:20+00:00","og_image":[{"width":2400,"height":1600,"url":"https:\/\/www.baeckerei-woerndle.com\/wp-content\/uploads\/2019\/05\/100BrotzentGuat_BaeckereiWoerndle.jpg","type":"image\/jpeg"}],"twitter_card":"summary_large_image","schema":{"@context":"https:\/\/schema.org","@graph":[{"@type":"WebSite","@id":"https:\/\/www.baeckerei-woerndle.com\/de\/#website","url":"https:\/\/www.baeckerei-woerndle.com\/de\/","name":"B\u00e4ckerei W\u00f6rndle","description":"B\u00e4ckerei W\u00f6rndle in Kaltern: #100BrotzentGuat","potentialAction":[{"@type":"SearchAction","target":{"@type":"EntryPoint","urlTemplate":"https:\/\/www.baeckerei-woerndle.com\/de\/?s={search_term_string}"},"query-input":"required name=search_term_string"}],"inLanguage":"de"},{"@type":"WebPage","@id":"https:\/\/www.baeckerei-woerndle.com\/de\/impressum\/","url":"https:\/\/www.baeckerei-woerndle.com\/de\/impressum\/","name":"Impressum - B\u00e4ckerei W\u00f6rndle","isPartOf":{"@id":"https:\/\/www.baeckerei-woerndle.com\/de\/#website"},"datePublished":"2019-04-04T07:10:21+00:00","dateModified":"2025-11-18T14:31:20+00:00","breadcrumb":{"@id":"https:\/\/www.baeckerei-woerndle.com\/de\/impressum\/#breadcrumb"},"inLanguage":"de","potentialAction":[{"@type":"ReadAction","target":["https:\/\/www.baeckerei-woerndle.com\/de\/impressum\/"]}]},{"@type":"BreadcrumbList","@id":"https:\/\/www.baeckerei-woerndle.com\/de\/impressum\/#breadcrumb","itemListElement":[{"@type":"ListItem","position":1,"name":"Home","item":"https:\/\/www.baeckerei-woerndle.com\/de\/"},{"@type":"ListItem","position":2,"name":"Impressum"}]}]}},"_links":{"self":[{"href":"https:\/\/www.baeckerei-woerndle.com\/de\/wp-json\/wp\/v2\/pages\/14"}],"collection":[{"href":"https:\/\/www.baeckerei-woerndle.com\/de\/wp-json\/wp\/v2\/pages"}],"about":[{"href":"https:\/\/www.baeckerei-woerndle.com\/de\/wp-json\/wp\/v2\/types\/page"}],"author":[{"embeddable":true,"href":"https:\/\/www.baeckerei-woerndle.com\/de\/wp-json\/wp\/v2\/users\/1"}],"replies":[{"embeddable":true,"href":"https:\/\/www.baeckerei-woerndle.com\/de\/wp-json\/wp\/v2\/comments?post=14"}],"version-history":[{"count":15,"href":"https:\/\/www.baeckerei-woerndle.com\/de\/wp-json\/wp\/v2\/pages\/14\/revisions"}],"predecessor-version":[{"id":1344,"href":"https:\/\/www.baeckerei-woerndle.com\/de\/wp-json\/wp\/v2\/pages\/14\/revisions\/1344"}],"wp:attachment":[{"href":"https:\/\/www.baeckerei-woerndle.com\/de\/wp-json\/wp\/v2\/media?parent=14"}],"curies":[{"name":"wp","href":"https:\/\/api.w.org\/{rel}","templated":true}]}}